{"id":37,"date":"2022-05-04T19:30:47","date_gmt":"2022-05-04T19:30:47","guid":{"rendered":"http:\/\/www.ekomodus.lt\/?page_id=37"},"modified":"2022-09-19T20:06:24","modified_gmt":"2022-09-19T17:06:24","slug":"projektai","status":"publish","type":"page","link":"https:\/\/www.ekomodus.lt\/index.php\/projektai\/","title":{"rendered":"Projektai"},"content":{"rendered":"\n<p>\u012emon\u0117 ir jos darbuotojai turi patirt\u012f \u012frengiant \u012fvairaus tipo ir i\u0161pildymo saul\u0117s elektrines, kurias galima b\u016bt\u0173 suskirstyti \u012f \u0161ias grupes (\u017eemiau keletas \u012fgyvendint\u0173 projekt\u0173 pavyzd\u017ei\u0173):<\/p>\n\n\n\n<p>1. <strong>Saul\u0117s \u0161viesos elektrin\u0117s ant pramonini\u0173 pastat\u0173 stog\u0173<\/strong> <\/p>\n\n\n\n<figure class=\"wp-block-image size-large\"><img loading=\"lazy\" decoding=\"async\" width=\"882\" height=\"1024\" src=\"https:\/\/www.ekomodus.lt\/wp-content\/uploads\/2022\/05\/Pramone-i-toli-882x1024.jpg\" alt=\"\" class=\"wp-image-64\" srcset=\"https:\/\/www.ekomodus.lt\/wp-content\/uploads\/2022\/05\/Pramone-i-toli-882x1024.jpg 882w, https:\/\/www.ekomodus.lt\/wp-content\/uploads\/2022\/05\/Pramone-i-toli-259x300.jpg 259w, https:\/\/www.ekomodus.lt\/wp-content\/uploads\/2022\/05\/Pramone-i-toli-768x891.jpg 768w, https:\/\/www.ekomodus.lt\/wp-content\/uploads\/2022\/05\/Pramone-i-toli.jpg 1153w\" sizes=\"auto, (max-width: 706px) 89vw, (max-width: 767px) 82vw, 740px\" \/><\/figure>\n\n\n\n<p><\/p>\n\n\n\n<p>2. <strong>Saul\u0117s \u0161viesos elektrin\u0117s ant sutapdint\u0173 stog\u0173<\/strong><\/p>\n\n\n\n<figure class=\"wp-block-image size-large\"><img loading=\"lazy\" decoding=\"async\" width=\"1024\" height=\"768\" src=\"https:\/\/www.ekomodus.lt\/wp-content\/uploads\/2022\/05\/Sutapdintas-stogas-1024x768.jpg\" alt=\"\" class=\"wp-image-68\" srcset=\"https:\/\/www.ekomodus.lt\/wp-content\/uploads\/2022\/05\/Sutapdintas-stogas-1024x768.jpg 1024w, https:\/\/www.ekomodus.lt\/wp-content\/uploads\/2022\/05\/Sutapdintas-stogas-300x225.jpg 300w, https:\/\/www.ekomodus.lt\/wp-content\/uploads\/2022\/05\/Sutapdintas-stogas-768x576.jpg 768w, https:\/\/www.ekomodus.lt\/wp-content\/uploads\/2022\/05\/Sutapdintas-stogas-1536x1152.jpg 1536w, https:\/\/www.ekomodus.lt\/wp-content\/uploads\/2022\/05\/Sutapdintas-stogas-2048x1536.jpg 2048w\" sizes=\"auto, (max-width: 706px) 89vw, (max-width: 767px) 82vw, 740px\" \/><\/figure>\n\n\n\n<p>3. <strong>Saul\u0117s \u0161viesos elektrin\u0117s ant \u0161laitini\u0173 stog\u0173<\/strong><\/p>\n\n\n\n<figure class=\"wp-block-image size-full is-resized\"><img loading=\"lazy\" decoding=\"async\" src=\"https:\/\/www.ekomodus.lt\/wp-content\/uploads\/2022\/05\/20220519_072926502_iOS.jpg\" alt=\"\" class=\"wp-image-121\" width=\"674\" height=\"508\" srcset=\"https:\/\/www.ekomodus.lt\/wp-content\/uploads\/2022\/05\/20220519_072926502_iOS.jpg 651w, https:\/\/www.ekomodus.lt\/wp-content\/uploads\/2022\/05\/20220519_072926502_iOS-300x226.jpg 300w\" sizes=\"auto, (max-width: 674px) 100vw, 674px\" \/><\/figure>\n\n\n\n<p><\/p>\n\n\n\n<p>4. <strong>Saul\u0117s \u0161viesos elektrin\u0117s ant kit\u0173 staini\u0173, toki\u0173 kaip tvoros, pastat\u0173 fasadai ir kita<\/strong> <\/p>\n\n\n\n<figure class=\"wp-block-image size-large\"><img loading=\"lazy\" decoding=\"async\" width=\"737\" height=\"1024\" src=\"https:\/\/www.ekomodus.lt\/wp-content\/uploads\/2022\/05\/Tvora-i-toli-737x1024.jpg\" alt=\"\" class=\"wp-image-67\" srcset=\"https:\/\/www.ekomodus.lt\/wp-content\/uploads\/2022\/05\/Tvora-i-toli-737x1024.jpg 737w, https:\/\/www.ekomodus.lt\/wp-content\/uploads\/2022\/05\/Tvora-i-toli-216x300.jpg 216w, https:\/\/www.ekomodus.lt\/wp-content\/uploads\/2022\/05\/Tvora-i-toli-768x1067.jpg 768w, https:\/\/www.ekomodus.lt\/wp-content\/uploads\/2022\/05\/Tvora-i-toli-1105x1536.jpg 1105w, https:\/\/www.ekomodus.lt\/wp-content\/uploads\/2022\/05\/Tvora-i-toli-1474x2048.jpg 1474w, https:\/\/www.ekomodus.lt\/wp-content\/uploads\/2022\/05\/Tvora-i-toli-scaled.jpg 1842w\" sizes=\"auto, (max-width: 737px) 100vw, 737px\" \/><\/figure>\n\n\n\n<p><\/p>\n\n\n\n<p>5. <strong>Saul\u0117s \u0161viesos elektrin\u0117s ant \u017eem\u0117s su ar be saul\u0117s sekimo sistemomis<\/strong> <\/p>\n\n\n\n<figure class=\"wp-block-image size-large\"><img loading=\"lazy\" decoding=\"async\" width=\"1024\" height=\"683\" src=\"https:\/\/www.ekomodus.lt\/wp-content\/uploads\/2022\/09\/DJI_0470-1024x683.jpg\" alt=\"\" class=\"wp-image-160\" srcset=\"https:\/\/www.ekomodus.lt\/wp-content\/uploads\/2022\/09\/DJI_0470-1024x683.jpg 1024w, https:\/\/www.ekomodus.lt\/wp-content\/uploads\/2022\/09\/DJI_0470-300x200.jpg 300w, https:\/\/www.ekomodus.lt\/wp-content\/uploads\/2022\/09\/DJI_0470-768x512.jpg 768w, https:\/\/www.ekomodus.lt\/wp-content\/uploads\/2022\/09\/DJI_0470-1536x1024.jpg 1536w, https:\/\/www.ekomodus.lt\/wp-content\/uploads\/2022\/09\/DJI_0470-2048x1365.jpg 2048w\" sizes=\"auto, (max-width: 706px) 89vw, (max-width: 767px) 82vw, 740px\" \/><\/figure>\n\n\n\n<p><\/p>\n","protected":false},"excerpt":{"rendered":"<p>\u012emon\u0117 ir jos darbuotojai turi patirt\u012f \u012frengiant \u012fvairaus tipo ir i\u0161pildymo saul\u0117s elektrines, kurias galima b\u016bt\u0173 suskirstyti \u012f \u0161ias grupes (\u017eemiau keletas \u012fgyvendint\u0173 projekt\u0173 pavyzd\u017ei\u0173): 1. Saul\u0117s \u0161viesos elektrin\u0117s ant pramonini\u0173 pastat\u0173 stog\u0173 2. Saul\u0117s \u0161viesos elektrin\u0117s ant sutapdint\u0173 stog\u0173 3. Saul\u0117s \u0161viesos elektrin\u0117s ant \u0161laitini\u0173 stog\u0173 4. Saul\u0117s \u0161viesos elektrin\u0117s ant kit\u0173 staini\u0173, toki\u0173 &hellip; <\/p>\n<p class=\"link-more\"><a href=\"https:\/\/www.ekomodus.lt\/index.php\/projektai\/\" class=\"more-link\">Toliau skaityti<span class=\"screen-reader-text\"> &#8222;Projektai&#8221;<\/span><\/a><\/p>\n","protected":false},"author":1,"featured_media":98,"parent":0,"menu_order":0,"comment_status":"closed","ping_status":"closed","template":"","meta":{"footnotes":""},"class_list":["post-37","page","type-page","status-publish","has-post-thumbnail","hentry"],"_links":{"self":[{"href":"https:\/\/www.ekomodus.lt\/index.php\/wp-json\/wp\/v2\/pages\/37","targetHints":{"allow":["GET"]}}],"collection":[{"href":"https:\/\/www.ekomodus.lt\/index.php\/wp-json\/wp\/v2\/pages"}],"about":[{"href":"https:\/\/www.ekomodus.lt\/index.php\/wp-json\/wp\/v2\/types\/page"}],"author":[{"embeddable":true,"href":"https:\/\/www.ekomodus.lt\/index.php\/wp-json\/wp\/v2\/users\/1"}],"replies":[{"embeddable":true,"href":"https:\/\/www.ekomodus.lt\/index.php\/wp-json\/wp\/v2\/comments?post=37"}],"version-history":[{"count":11,"href":"https:\/\/www.ekomodus.lt\/index.php\/wp-json\/wp\/v2\/pages\/37\/revisions"}],"predecessor-version":[{"id":162,"href":"https:\/\/www.ekomodus.lt\/index.php\/wp-json\/wp\/v2\/pages\/37\/revisions\/162"}],"wp:featuredmedia":[{"embeddable":true,"href":"https:\/\/www.ekomodus.lt\/index.php\/wp-json\/wp\/v2\/media\/98"}],"wp:attachment":[{"href":"https:\/\/www.ekomodus.lt\/index.php\/wp-json\/wp\/v2\/media?parent=37"}],"curies":[{"name":"wp","href":"https:\/\/api.w.org\/{rel}","templated":true}]}}